{"id":16410,"date":"2025-05-12T05:22:32","date_gmt":"2025-05-12T05:22:32","guid":{"rendered":"https:\/\/link2latinosbusiness.com\/?page_id=16410"},"modified":"2025-05-30T05:43:23","modified_gmt":"2025-05-30T05:43:23","slug":"how-it-works","status":"publish","type":"page","link":"https:\/\/link2latinosbusiness.com\/es_MX\/how-it-works\/","title":{"rendered":"Como funciona"},"content":{"rendered":"<div data-elementor-type=\"wp-page\" data-elementor-id=\"16410\" class=\"elementor elementor-16410\" data-elementor-post-type=\"page\">\n\t\t\t\t        <section class=\"elementor-section elementor-top-section elementor-element elementor-element-fc96ca6 elementor-section-stretched elementor-section-boxed elementor-section-height-default elementor-section-height-default pxl-row-scroll-none pxl-section-overflow-visible pxl-bg-color-none pxl-section-overlay-none\" data-id=\"fc96ca6\" data-element_type=\"section\" data-settings=\"{&quot;stretch_section&quot;:&quot;section-stretched&quot;,&quot;background_background&quot;:&quot;classic&quot;,&quot;ekit_has_onepagescroll_dot&quot;:&quot;yes&quot;}\">\n\n                            <div class=\"elementor-background-overlay\"><\/div>\n            \n                <div class=\"elementor-container elementor-column-gap-no\">\n                <div class=\"elementor-column elementor-col-100 elementor-top-column elementor-element elementor-element-d36b629 pxl-column-none pxl-column-overflow-hidden-no\" data-id=\"d36b629\" data-element_type=\"column\">\r\n        <div class=\"elementor-widget-wrap elementor-element-populated\">\r\n                     \r\n        \t\t<div class=\"elementor-element elementor-element-28ab3c0 elementor-invisible elementor-widget elementor-widget-pxl_heading\" data-id=\"28ab3c0\" data-element_type=\"widget\" data-settings=\"{&quot;_animation&quot;:&quot;fadeInUp&quot;,&quot;ekit_we_effect_on&quot;:&quot;none&quot;}\" data-widget_type=\"pxl_heading.default\">\n\t\t\t\t<div class=\"elementor-widget-container\">\n\t\t\t\t\t<div id=\"pxl-pxl_heading-28ab3c0-4800\" class=\"pxl-heading pxl-heading--tcustom\">\n\t<div class=\"pxl-heading--inner\">\n\n\t\t\n\t<h3 class=\"pxl-item--title   pxl-color-style-1\" data-wow-delay=\"ms\">\n\n\n\tComo funciona\t\t\t\n\t<\/h3>\n\n<\/div>\n<\/div>\t\t\t\t<\/div>\n\t\t\t\t<\/div>\n\t\t            <\/div>\r\n        <\/div>\r\n        \t\t\t<\/div>\n\t\t<\/section>\n\t\t        <section class=\"elementor-section elementor-top-section elementor-element elementor-element-bfc361c elementor-section-stretched elementor-section-boxed elementor-section-height-default elementor-section-height-default pxl-row-scroll-none pxl-section-overflow-visible pxl-bg-color-none pxl-section-overlay-none\" data-id=\"bfc361c\" data-element_type=\"section\" data-settings=\"{&quot;stretch_section&quot;:&quot;section-stretched&quot;,&quot;background_background&quot;:&quot;classic&quot;,&quot;ekit_has_onepagescroll_dot&quot;:&quot;yes&quot;}\">\n\n                            <div class=\"elementor-background-overlay\"><\/div>\n            \n                <div class=\"elementor-container elementor-column-gap-extended\">\n                <div class=\"elementor-column elementor-col-100 elementor-top-column elementor-element elementor-element-b4b4a65 pxl-column-none pxl-column-overflow-hidden-no\" data-id=\"b4b4a65\" data-element_type=\"column\" data-settings=\"{&quot;background_background&quot;:&quot;classic&quot;}\">\r\n        <div class=\"elementor-widget-wrap elementor-element-populated\">\r\n                                <div class=\"elementor-background-overlay\"><\/div>\r\n         \r\n                <section class=\"elementor-section elementor-inner-section elementor-element elementor-element-b749ed7 elementor-section-boxed elementor-section-height-default elementor-section-height-default pxl-row-scroll-none pxl-section-overflow-visible pxl-bg-color-none pxl-section-overlay-none\" data-id=\"b749ed7\" data-element_type=\"section\" data-settings=\"{&quot;ekit_has_onepagescroll_dot&quot;:&quot;yes&quot;}\">\n\n                \n                <div class=\"elementor-container elementor-column-gap-extended\">\n                <div class=\"elementor-column elementor-col-50 elementor-inner-column elementor-element elementor-element-1ea2943 pxl-column-none pxl-column-overflow-hidden-no\" data-id=\"1ea2943\" data-element_type=\"column\">\r\n        <div class=\"elementor-widget-wrap elementor-element-populated\">\r\n                     \r\n        \t\t<div class=\"elementor-element elementor-element-f4fe22b elementor-widget elementor-widget-pxl_heading\" data-id=\"f4fe22b\" data-element_type=\"widget\" data-settings=\"{&quot;ekit_we_effect_on&quot;:&quot;none&quot;}\" data-widget_type=\"pxl_heading.default\">\n\t\t\t\t<div class=\"elementor-widget-container\">\n\t\t\t\t\t<div id=\"pxl-pxl_heading-f4fe22b-3162\" class=\"pxl-heading pxl-heading--tcustom\">\n\t<div class=\"pxl-heading--inner\">\n\n\t\t\n\t<h3 class=\"pxl-item--title   pxl-color-custom wow fadeInUp\" data-wow-delay=\"300ms\">\n\n\n\tNuestro proceso\t\t\t\n\t<\/h3>\n\n<\/div>\n<\/div>\t\t\t\t<\/div>\n\t\t\t\t<\/div>\n\t\t\t\t<div class=\"elementor-element elementor-element-b53c6c3 elementor-widget elementor-widget-pxl_text_editor\" data-id=\"b53c6c3\" data-element_type=\"widget\" data-settings=\"{&quot;ekit_we_effect_on&quot;:&quot;none&quot;}\" data-widget_type=\"pxl_text_editor.default\">\n\t\t\t\t<div class=\"elementor-widget-container\">\n\t\t\t\t\t<div class=\"pxl-text-editor\">\n\t<div class=\"pxl-item--inner wow fadeInUp\" data-wow-delay=\"600ms\">\n\t\t<p>C\u00f3mo te conectamos<\/p>\t\t\n\t<\/div>\n<\/div>\t\t\t\t<\/div>\n\t\t\t\t<\/div>\n\t\t            <\/div>\r\n        <\/div>\r\n                <div class=\"elementor-column elementor-col-50 elementor-inner-column elementor-element elementor-element-4ff35a5 pxl-column-none pxl-column-overflow-hidden-no\" data-id=\"4ff35a5\" data-element_type=\"column\">\r\n        <div class=\"elementor-widget-wrap\">\r\n                     \r\n                    <\/div>\r\n        <\/div>\r\n        \t\t\t<\/div>\n\t\t<\/section>\n\t\t        <section class=\"elementor-section elementor-inner-section elementor-element elementor-element-5cacae1 elementor-section-boxed elementor-section-height-default elementor-section-height-default pxl-row-scroll-none pxl-section-overflow-visible pxl-bg-color-none pxl-section-overlay-none\" data-id=\"5cacae1\" data-element_type=\"section\" data-settings=\"{&quot;ekit_has_onepagescroll_dot&quot;:&quot;yes&quot;}\">\n\n                \n                <div class=\"elementor-container elementor-column-gap-extended\">\n                <div class=\"elementor-column elementor-col-100 elementor-inner-column elementor-element elementor-element-aba3027 pxl-column-none pxl-column-overflow-hidden-no\" data-id=\"aba3027\" data-element_type=\"column\">\r\n        <div class=\"elementor-widget-wrap elementor-element-populated\">\r\n                     \r\n        \t\t<div class=\"elementor-element elementor-element-6bfc0f0 elementor-widget elementor-widget-pxl_invitation_carousel\" data-id=\"6bfc0f0\" data-element_type=\"widget\" data-settings=\"{&quot;ekit_we_effect_on&quot;:&quot;none&quot;}\" data-widget_type=\"pxl_invitation_carousel.default\">\n\t\t\t\t<div class=\"elementor-widget-container\">\n\t\t\t\t\t\t<div class=\"pxl-swiper-sliders pxl-invitation-carousel pxl-invitation-carousel1\">\r\n\t\t<div class=\"pxl-carousel-inner\">\r\n\t\t\t<div class=\"pxl-swiper-container\" dir=\"ltr\" data-settings=\"{&quot;slide_direction&quot;:&quot;horizontal&quot;,&quot;slide_percolumn&quot;:&quot;1&quot;,&quot;slide_mode&quot;:&quot;slide&quot;,&quot;slides_to_show&quot;:&quot;3&quot;,&quot;slides_to_show_xxl&quot;:&quot;3&quot;,&quot;slides_to_show_lg&quot;:&quot;3&quot;,&quot;slides_to_show_md&quot;:&quot;2&quot;,&quot;slides_to_show_sm&quot;:&quot;2&quot;,&quot;slides_to_show_xs&quot;:&quot;1&quot;,&quot;slides_to_scroll&quot;:&quot;1&quot;,&quot;arrow&quot;:&quot;false&quot;,&quot;pagination&quot;:&quot;false&quot;,&quot;pagination_type&quot;:&quot;bullets&quot;,&quot;autoplay&quot;:&quot;true&quot;,&quot;pause_on_hover&quot;:&quot;&quot;,&quot;pause_on_interaction&quot;:&quot;true&quot;,&quot;delay&quot;:3000,&quot;loop&quot;:&quot;false&quot;,&quot;speed&quot;:500}\">\r\n\t\t\t\t<div class=\"pxl-swiper-wrapper\">\r\n\t\t\t\t\t\t\t\t\t\t\t<div class=\"pxl-swiper-slide\">\r\n\t\t\t\t\t\t\t<div class=\"pxl-item--inner\" data-wow-delay=\"ms\">\r\n\t\t\t\t\t\t\t\t<div class=\"pxl-inner--stage\">\r\n\t\t\t\t\t\t\t\t\t\t\t\t\t\t\t\t\t\t\tPASO 1\t\t\t\t\t\t\t\t\t\t\t\t\t\t\t\t\t<\/div>\r\n\t\t\t\t\t\t\t\t<div class=\"pxl-inner--title\">\r\n\t\t\t\t\t\t\t\t\t\t\t\t\t\t\t\t\t\t\t<a href=\"#\">Descubrimiento y alineaci\u00f3n<\/a>\r\n\t\t\t\t\t\t\t\t\t\t\t\t\t\t\t\t\t<\/div>\r\n\t\t\t\t\t\t\t\t<div class=\"pxl-inner--describe\">\r\n\t\t\t\t\t\t\t\t\t\t\t\t\t\t\t\t\t\t\tEmpezamos escuchando. A trav\u00e9s de una consulta inicial, identificamos sus objetivos, audiencias y necesidades de participaci\u00f3n cultural para asegurar la alineaci\u00f3n con nuestra misi\u00f3n de representaci\u00f3n e impacto inclusivos.\t\t\t\t\t\t\t\t\t\t\t\t\t\t\t\t\t<\/div>\r\n\r\n\t\t\t\t\t\t\t\t<div class=\"pxl-number\">\r\n\t\t\t\t\t\t\t\t\t01\t\t\t\t\t\t\t\t<\/div>\r\n\t\t\t\t\t\t\t<\/div>\r\n\t\t\t\t\t\t<\/div>\r\n\t\t\t\t\t\t\t\t\t\t\t<div class=\"pxl-swiper-slide\">\r\n\t\t\t\t\t\t\t<div class=\"pxl-item--inner\" data-wow-delay=\"ms\">\r\n\t\t\t\t\t\t\t\t<div class=\"pxl-inner--stage\">\r\n\t\t\t\t\t\t\t\t\t\t\t\t\t\t\t\t\t\t\tPASO 2\t\t\t\t\t\t\t\t\t\t\t\t\t\t\t\t\t<\/div>\r\n\t\t\t\t\t\t\t\t<div class=\"pxl-inner--title\">\r\n\t\t\t\t\t\t\t\t\t\t\t\t\t\t\t\t\t\t\t<a href=\"#\">Mapeo de conexiones<\/a>\r\n\t\t\t\t\t\t\t\t\t\t\t\t\t\t\t\t\t<\/div>\r\n\t\t\t\t\t\t\t\t<div class=\"pxl-inner--describe\">\r\n\t\t\t\t\t\t\t\t\t\t\t\t\t\t\t\t\t\t\tDise\u00f1amos una estrategia personalizada para conectar su organizaci\u00f3n o negocio con los socios, redes, eventos y oportunidades de divulgaci\u00f3n latinos adecuados, construyendo puentes donde m\u00e1s importan.\t\t\t\t\t\t\t\t\t\t\t\t\t\t\t\t\t<\/div>\r\n\r\n\t\t\t\t\t\t\t\t<div class=\"pxl-number\">\r\n\t\t\t\t\t\t\t\t\t02\t\t\t\t\t\t\t\t<\/div>\r\n\t\t\t\t\t\t\t<\/div>\r\n\t\t\t\t\t\t<\/div>\r\n\t\t\t\t\t\t\t\t\t\t\t<div class=\"pxl-swiper-slide\">\r\n\t\t\t\t\t\t\t<div class=\"pxl-item--inner\" data-wow-delay=\"ms\">\r\n\t\t\t\t\t\t\t\t<div class=\"pxl-inner--stage\">\r\n\t\t\t\t\t\t\t\t\t\t\t\t\t\t\t\t\t\t\tPASO 3\t\t\t\t\t\t\t\t\t\t\t\t\t\t\t\t\t<\/div>\r\n\t\t\t\t\t\t\t\t<div class=\"pxl-inner--title\">\r\n\t\t\t\t\t\t\t\t\t\t\t\t\t\t\t\t\t\t\t<a href=\"#\">Integraci\u00f3n y activaci\u00f3n cultural<\/a>\r\n\t\t\t\t\t\t\t\t\t\t\t\t\t\t\t\t\t<\/div>\r\n\t\t\t\t\t\t\t\t<div class=\"pxl-inner--describe\">\r\n\t\t\t\t\t\t\t\t\t\t\t\t\t\t\t\t\t\t\tCoordinamos y activamos experiencias culturales, comunicaci\u00f3n biling\u00fce y puntos de contacto comunitarios que reflejan autenticidad y generan confianza entre usted y su p\u00fablico objetivo.\t\t\t\t\t\t\t\t\t\t\t\t\t\t\t\t\t<\/div>\r\n\r\n\t\t\t\t\t\t\t\t<div class=\"pxl-number\">\r\n\t\t\t\t\t\t\t\t\t03\t\t\t\t\t\t\t\t<\/div>\r\n\t\t\t\t\t\t\t<\/div>\r\n\t\t\t\t\t\t<\/div>\r\n\t\t\t\t\t\t\t\t\t\t\t<div class=\"pxl-swiper-slide\">\r\n\t\t\t\t\t\t\t<div class=\"pxl-item--inner\" data-wow-delay=\"ms\">\r\n\t\t\t\t\t\t\t\t<div class=\"pxl-inner--stage\">\r\n\t\t\t\t\t\t\t\t\t\t\t\t\t\t\t\t\t\t\tPASO 4\t\t\t\t\t\t\t\t\t\t\t\t\t\t\t\t\t<\/div>\r\n\t\t\t\t\t\t\t\t<div class=\"pxl-inner--title\">\r\n\t\t\t\t\t\t\t\t\t\t\t\t\t\t\t\t\t\t\t<a href=\"#\">Crecimiento e impacto\na largo plazo<\/a>\r\n\t\t\t\t\t\t\t\t\t\t\t\t\t\t\t\t\t<\/div>\r\n\t\t\t\t\t\t\t\t<div class=\"pxl-inner--describe\">\r\n\t\t\t\t\t\t\t\t\t\t\t\t\t\t\t\t\t\t\tMedimos, adaptamos y fortalecemos su\ncompromiso a lo largo del tiempo,\ngarantizando que su organizaci\u00f3n\nprospere a trav\u00e9s de la conexi\u00f3n cultural\ncontinua, la representaci\u00f3n y la\ncolaboraci\u00f3n sostenible.\t\t\t\t\t\t\t\t\t\t\t\t\t\t\t\t\t<\/div>\r\n\r\n\t\t\t\t\t\t\t\t<div class=\"pxl-number\">\r\n\t\t\t\t\t\t\t\t\t04\t\t\t\t\t\t\t\t<\/div>\r\n\t\t\t\t\t\t\t<\/div>\r\n\t\t\t\t\t\t<\/div>\r\n\t\t\t\t\t\t\t\t\t<\/div>\r\n\t\t\t<\/div>\r\n\t\t\t\r\n\t\t\t\t\t<\/div>\r\n\t<\/div>\r\n\t\t\t\t<\/div>\n\t\t\t\t<\/div>\n\t\t            <\/div>\r\n        <\/div>\r\n        \t\t\t<\/div>\n\t\t<\/section>\n\t\t            <\/div>\r\n        <\/div>\r\n        \t\t\t<\/div>\n\t\t<\/section>\n\t\t        <section class=\"elementor-section elementor-top-section elementor-element elementor-element-d7eefce elementor-section-boxed elementor-section-height-default elementor-section-height-default pxl-row-scroll-none pxl-section-overflow-visible pxl-bg-color-none pxl-section-overlay-none\" data-id=\"d7eefce\" data-element_type=\"section\" data-settings=\"{&quot;background_background&quot;:&quot;classic&quot;,&quot;ekit_has_onepagescroll_dot&quot;:&quot;yes&quot;}\">\n\n                \n                <div class=\"elementor-container elementor-column-gap-default\">\n                <div class=\"elementor-column elementor-col-100 elementor-top-column elementor-element elementor-element-253ece8 pxl-column-none pxl-column-overflow-hidden-no\" data-id=\"253ece8\" data-element_type=\"column\">\r\n        <div class=\"elementor-widget-wrap elementor-element-populated\">\r\n                     \r\n                <section class=\"elementor-section elementor-inner-section elementor-element elementor-element-284dc4e elementor-section-boxed elementor-section-height-default elementor-section-height-default pxl-row-scroll-none pxl-section-overflow-visible pxl-bg-color-none pxl-section-overlay-none\" data-id=\"284dc4e\" data-element_type=\"section\" data-settings=\"{&quot;background_background&quot;:&quot;classic&quot;,&quot;ekit_has_onepagescroll_dot&quot;:&quot;yes&quot;}\">\n\n                \n                <div class=\"elementor-container elementor-column-gap-extended\">\n                <div class=\"elementor-column elementor-col-50 elementor-inner-column elementor-element elementor-element-0a41588 pxl-column-none pxl-column-overflow-hidden-no\" data-id=\"0a41588\" data-element_type=\"column\" data-settings=\"{&quot;background_background&quot;:&quot;classic&quot;}\">\r\n        <div class=\"elementor-widget-wrap elementor-element-populated\">\r\n                                <div class=\"elementor-background-overlay\"><\/div>\r\n         \r\n        \t\t<div class=\"elementor-element elementor-element-81a3954 elementor-widget__width-auto elementor-widget elementor-widget-pxl_heading\" data-id=\"81a3954\" data-element_type=\"widget\" data-settings=\"{&quot;ekit_we_effect_on&quot;:&quot;none&quot;}\" data-widget_type=\"pxl_heading.default\">\n\t\t\t\t<div class=\"elementor-widget-container\">\n\t\t\t\t\t<div id=\"pxl-pxl_heading-81a3954-5937\" class=\"pxl-heading pxl-heading--tcustom\">\n\t<div class=\"pxl-heading--inner\">\n\n\t\t\n\t<h3 class=\"pxl-item--title   pxl-color-style-1 wow fadeInUp\" data-wow-delay=\"300ms\">\n\n\n\tFlujo de colaboraci\u00f3n \t\t\t\n\t<\/h3>\n\n<\/div>\n<\/div>\t\t\t\t<\/div>\n\t\t\t\t<\/div>\n\t\t\t\t<div class=\"elementor-element elementor-element-d08346b elementor-widget__width-auto elementor-widget elementor-widget-pxl_text_editor\" data-id=\"d08346b\" data-element_type=\"widget\" data-settings=\"{&quot;ekit_we_effect_on&quot;:&quot;none&quot;}\" data-widget_type=\"pxl_text_editor.default\">\n\t\t\t\t<div class=\"elementor-widget-container\">\n\t\t\t\t\t<div class=\"pxl-text-editor\">\n\t<div class=\"pxl-item--inner\" data-wow-delay=\"500ms\">\n\t\t<p><em>Servir como un puente cultural y comercial que conecte a las organizaciones y aliados estrat\u00e9gicos norteamericanos con la comunidad latina e hispana, promoviendo la inclusi\u00f3n, el entendimiento mutuo y el desarrollo econ\u00f3mico sostenible.<\/em><\/p>\t\t\n\t<\/div>\n<\/div>\t\t\t\t<\/div>\n\t\t\t\t<\/div>\n\t\t\t\t<div class=\"elementor-element elementor-element-8fef340 elementor-widget elementor-widget-pxl_button\" data-id=\"8fef340\" data-element_type=\"widget\" data-settings=\"{&quot;ekit_we_effect_on&quot;:&quot;none&quot;}\" data-widget_type=\"pxl_button.default\">\n\t\t\t\t<div class=\"elementor-widget-container\">\n\t\t\t\t\t \r\n<div id=\"pxl-pxl_button-8fef340-8999\" class=\"pxl-button\" data-wow-delay=\"ms\">\r\n    \r\n    <a href=\"https:\/\/link2latinosbusiness.com\/es_MX\/contact\/#contact\" \r\n       class=\"btn btn-style-1  pxl-icon-active    pxl-icon--left\" data-text=\"Collaborate Now\" \r\n       data-wow-delay=\"ms\">\r\n       \r\n                                <span class=\"pxl--btn-text\" data-text=\"Collaborate Now\">\r\n                Collaborate Now            <\/span>\r\n            <\/a>\r\n  \r\n<\/div>\r\n\t\t\t\t<\/div>\n\t\t\t\t<\/div>\n\t\t            <\/div>\r\n        <\/div>\r\n                <div class=\"elementor-column elementor-col-50 elementor-inner-column elementor-element elementor-element-6b52507 pxl-column-none pxl-column-overflow-hidden-no\" data-id=\"6b52507\" data-element_type=\"column\" data-settings=\"{&quot;background_background&quot;:&quot;classic&quot;}\">\r\n        <div class=\"elementor-widget-wrap elementor-element-populated\">\r\n                     \r\n        \t\t<div class=\"elementor-element elementor-element-ef60e8a elementor-widget elementor-widget-pxl_image\" data-id=\"ef60e8a\" data-element_type=\"widget\" data-settings=\"{&quot;ekit_we_effect_on&quot;:&quot;none&quot;}\" data-widget_type=\"pxl_image.default\">\n\t\t\t\t<div class=\"elementor-widget-container\">\n\t\t\t\t\t<div id=\"pxl_image-ef60e8a-5272\" class=\"pxl-image-single  style-default  style-hover-default\" data-wow-delay=\"350ms\"  >\r\n    <div class=\"pxl-item--inner\" data-wow-delay=\"120ms\">\r\n        \r\n                    <div class=\"pxl-item--image\" data-parallax-value=\"\">\r\n                <a href=\"https:\/\/link2latinosbusiness.com\/es_MX\/get-ticket\/\">                <img fetchpriority=\"high\" decoding=\"async\" width=\"675\" height=\"675\" src=\"https:\/\/link2latinosbusiness.com\/wp-content\/uploads\/2025\/05\/ggg.png\" class=\"no-lazyload attachment-full\" alt=\"\" srcset=\"https:\/\/link2latinosbusiness.com\/wp-content\/uploads\/2025\/05\/ggg.png 675w, https:\/\/link2latinosbusiness.com\/wp-content\/uploads\/2025\/05\/ggg-300x300.png 300w, https:\/\/link2latinosbusiness.com\/wp-content\/uploads\/2025\/05\/ggg-150x150.png 150w, https:\/\/link2latinosbusiness.com\/wp-content\/uploads\/2025\/05\/ggg-12x12.png 12w, https:\/\/link2latinosbusiness.com\/wp-content\/uploads\/2025\/05\/ggg-600x600.png 600w\" sizes=\"(max-width: 675px) 100vw, 675px\" \/>                <\/a>            <\/div>\r\n            \r\n        <div class=\"btn-image\">\r\n            <a href=\"https:\/\/link2latinosbusiness.com\/es_MX\/get-ticket\/\">                                <\/a>        <\/div>\r\n    <\/div>\r\n<\/div>\t\t\t\t<\/div>\n\t\t\t\t<\/div>\n\t\t            <\/div>\r\n        <\/div>\r\n        \t\t\t<\/div>\n\t\t<\/section>\n\t\t        <section class=\"elementor-section elementor-inner-section elementor-element elementor-element-69a6739 elementor-section-boxed elementor-section-height-default elementor-section-height-default pxl-row-scroll-none pxl-section-overflow-visible pxl-bg-color-none pxl-section-overlay-none\" data-id=\"69a6739\" data-element_type=\"section\" data-settings=\"{&quot;background_background&quot;:&quot;classic&quot;,&quot;ekit_has_onepagescroll_dot&quot;:&quot;yes&quot;}\">\n\n                \n                <div class=\"elementor-container elementor-column-gap-extended\">\n                <div class=\"elementor-column elementor-col-50 elementor-inner-column elementor-element elementor-element-d8534a9 pxl-column-none pxl-column-overflow-hidden-no\" data-id=\"d8534a9\" data-element_type=\"column\">\r\n        <div class=\"elementor-widget-wrap elementor-element-populated\">\r\n                     \r\n        \t\t<div class=\"elementor-element elementor-element-0fd3314 elementor-widget elementor-widget-pxl_image\" data-id=\"0fd3314\" data-element_type=\"widget\" data-settings=\"{&quot;ekit_we_effect_on&quot;:&quot;none&quot;}\" data-widget_type=\"pxl_image.default\">\n\t\t\t\t<div class=\"elementor-widget-container\">\n\t\t\t\t\t<div id=\"pxl_image-0fd3314-5174\" class=\"pxl-image-single  style-default  style-hover-default\" data-wow-delay=\"350ms\"  >\r\n    <div class=\"pxl-item--inner\" data-wow-delay=\"120ms\">\r\n        \r\n                    <div class=\"pxl-item--image\" data-parallax-value=\"\">\r\n                <a href=\"https:\/\/link2latinosbusiness.com\/es_MX\/get-ticket\/\">                <img decoding=\"async\" width=\"640\" height=\"960\" src=\"https:\/\/link2latinosbusiness.com\/wp-content\/uploads\/2025\/05\/link-to-latino-business-nashville-6-1.jpg\" class=\"no-lazyload attachment-full\" alt=\"\" srcset=\"https:\/\/link2latinosbusiness.com\/wp-content\/uploads\/2025\/05\/link-to-latino-business-nashville-6-1.jpg 640w, https:\/\/link2latinosbusiness.com\/wp-content\/uploads\/2025\/05\/link-to-latino-business-nashville-6-1-200x300.jpg 200w, https:\/\/link2latinosbusiness.com\/wp-content\/uploads\/2025\/05\/link-to-latino-business-nashville-6-1-473x710.jpg 473w, https:\/\/link2latinosbusiness.com\/wp-content\/uploads\/2025\/05\/link-to-latino-business-nashville-6-1-600x900.jpg 600w\" sizes=\"(max-width: 640px) 100vw, 640px\" \/>                <\/a>            <\/div>\r\n            \r\n        <div class=\"btn-image\">\r\n            <a href=\"https:\/\/link2latinosbusiness.com\/es_MX\/get-ticket\/\">                                <\/a>        <\/div>\r\n    <\/div>\r\n<\/div>\t\t\t\t<\/div>\n\t\t\t\t<\/div>\n\t\t            <\/div>\r\n        <\/div>\r\n                <div class=\"elementor-column elementor-col-50 elementor-inner-column elementor-element elementor-element-922113f pxl-column-none pxl-column-overflow-hidden-no\" data-id=\"922113f\" data-element_type=\"column\" data-settings=\"{&quot;background_background&quot;:&quot;classic&quot;}\">\r\n        <div class=\"elementor-widget-wrap elementor-element-populated\">\r\n                                <div class=\"elementor-background-overlay\"><\/div>\r\n         \r\n        \t\t<div class=\"elementor-element elementor-element-ca6a426 elementor-widget__width-auto elementor-widget elementor-widget-pxl_heading\" data-id=\"ca6a426\" data-element_type=\"widget\" data-settings=\"{&quot;ekit_we_effect_on&quot;:&quot;none&quot;}\" data-widget_type=\"pxl_heading.default\">\n\t\t\t\t<div class=\"elementor-widget-container\">\n\t\t\t\t\t<div id=\"pxl-pxl_heading-ca6a426-9478\" class=\"pxl-heading pxl-heading--tcustom\">\n\t<div class=\"pxl-heading--inner\">\n\n\t\t\n\t<h3 class=\"pxl-item--title   pxl-color-style-1 wow fadeInUp\" data-wow-delay=\"300ms\">\n\n\n\tAsociaciones ideales \t\t\t\n\t<\/h3>\n\n<\/div>\n<\/div>\t\t\t\t<\/div>\n\t\t\t\t<\/div>\n\t\t\t\t<div class=\"elementor-element elementor-element-726b06b elementor-widget__width-auto elementor-widget elementor-widget-pxl_text_editor\" data-id=\"726b06b\" data-element_type=\"widget\" data-settings=\"{&quot;ekit_we_effect_on&quot;:&quot;none&quot;}\" data-widget_type=\"pxl_text_editor.default\">\n\t\t\t\t<div class=\"elementor-widget-container\">\n\t\t\t\t\t<div class=\"pxl-text-editor\">\n\t<div class=\"pxl-item--inner\" data-wow-delay=\"500ms\">\n\t\t<p><em>Servir como un puente cultural y comercial que conecte a las organizaciones y aliados estrat\u00e9gicos norteamericanos con la comunidad latina e hispana, promoviendo la inclusi\u00f3n, el entendimiento mutuo y el desarrollo econ\u00f3mico sostenible.<\/em><\/p>\t\t\n\t<\/div>\n<\/div>\t\t\t\t<\/div>\n\t\t\t\t<\/div>\n\t\t            <\/div>\r\n        <\/div>\r\n        \t\t\t<\/div>\n\t\t<\/section>\n\t\t            <\/div>\r\n        <\/div>\r\n        \t\t\t<\/div>\n\t\t<\/section>\n\t\t\t\t<\/div>","protected":false},"excerpt":{"rendered":"<p>How It Works Our Process How We Connect You STEP 1 Discovery &#038; Alignment We start by listening. Through an initial consultation, we identify your goals, audiences, and cultural engagement needs to ensure alignment with our mission of inclusive representation and impact. 01 STEP 2 Connection Mapping We design a personalized strategy to connect your [&hellip;]<\/p>","protected":false},"author":1,"featured_media":0,"parent":0,"menu_order":0,"comment_status":"closed","ping_status":"closed","template":"","meta":{"footnotes":""},"class_list":["post-16410","page","type-page","status-publish","hentry"],"_links":{"self":[{"href":"https:\/\/link2latinosbusiness.com\/es_MX\/wp-json\/wp\/v2\/pages\/16410","targetHints":{"allow":["GET"]}}],"collection":[{"href":"https:\/\/link2latinosbusiness.com\/es_MX\/wp-json\/wp\/v2\/pages"}],"about":[{"href":"https:\/\/link2latinosbusiness.com\/es_MX\/wp-json\/wp\/v2\/types\/page"}],"author":[{"embeddable":true,"href":"https:\/\/link2latinosbusiness.com\/es_MX\/wp-json\/wp\/v2\/users\/1"}],"replies":[{"embeddable":true,"href":"https:\/\/link2latinosbusiness.com\/es_MX\/wp-json\/wp\/v2\/comments?post=16410"}],"version-history":[{"count":124,"href":"https:\/\/link2latinosbusiness.com\/es_MX\/wp-json\/wp\/v2\/pages\/16410\/revisions"}],"predecessor-version":[{"id":18021,"href":"https:\/\/link2latinosbusiness.com\/es_MX\/wp-json\/wp\/v2\/pages\/16410\/revisions\/18021"}],"wp:attachment":[{"href":"https:\/\/link2latinosbusiness.com\/es_MX\/wp-json\/wp\/v2\/media?parent=16410"}],"curies":[{"name":"wp","href":"https:\/\/api.w.org\/{rel}","templated":true}]}}